{"id":13073,"date":"2017-03-21T14:05:16","date_gmt":"2017-03-21T14:05:16","guid":{"rendered":"https:\/\/aquacarpatica.com\/?page_id=13073"},"modified":"2018-11-05T08:41:09","modified_gmt":"2018-11-05T08:41:09","slug":"13073-2","status":"publish","type":"page","link":"http:\/\/www.valvis-holding.com\/newsite\/","title":{"rendered":"ACAS\u0102"},"content":{"rendered":"<p><div class=\"fusion-fullwidth fullwidth-box fusion-builder-row-1 fusion-parallax-none nonhundred-percent-fullwidth non-hundred-percent-height-scrolling\" style=\"background-color: rgba(255,255,255,0);background-image: url(&quot;http:\/\/www.valvis-holding.com\/newsite\/wp-content\/uploads\/2018\/08\/PageTitleBar-small-3.jpg&quot;);background-position: center center;background-repeat: no-repeat;padding-top:20px;padding-right:0px;padding-bottom:20px;padding-left:0px;margin-bottom: 0px;margin-top: 0px;border-width: 0px 0px 0px 0px;border-color:#eae9e9;border-style:solid;-webkit-background-size:cover;-moz-background-size:cover;-o-background-size:cover;background-size:cover;\" ><div class=\"fusion-builder-row fusion-row\"><div class=\"fusion-layout-column fusion_builder_column fusion-builder-column-0 fusion_builder_column_1_1 1_1 fusion-one-full fusion-column-first fusion-column-last\" style=\"margin-top:0px;margin-bottom:20px;\"><div class=\"fusion-column-wrapper fusion-flex-column-wrapper-legacy\" style=\"background-position:left top;background-repeat:no-repeat;-webkit-background-size:cover;-moz-background-size:cover;-o-background-size:cover;background-size:cover;padding: 0px 0px 0px 0px;\"><div class=\"fusion-clearfix\"><\/div><\/div><\/div><\/div><\/div><div class=\"fusion-fullwidth fullwidth-box fusion-builder-row-2 fusion-parallax-fixed nonhundred-percent-fullwidth non-hundred-percent-height-scrolling\" style=\"background-color: rgba(255,255,255,0);background-image: url(&quot;http:\/\/www.valvis-holding.com\/newsite\/wp-content\/uploads\/2017\/03\/bg-mountains-Home-ACComes.jpg&quot;);background-position: right top;background-repeat: no-repeat;padding-top:20px;padding-right:0px;padding-bottom:20px;padding-left:0px;margin-bottom: 0px;margin-top: 0px;border-width: 0px 0px 0px 0px;border-color:#eae9e9;border-style:solid;-webkit-background-size:cover;-moz-background-size:cover;-o-background-size:cover;background-size:cover;background-attachment:fixed;\" ><div class=\"fusion-builder-row fusion-row\"><div class=\"fusion-layout-column fusion_builder_column fusion-builder-column-1 fusion_builder_column_1_4 1_4 fusion-one-fourth fusion-column-first\" style=\"width:25%;width:calc(25% - ( ( 4% + 4% ) * 0.25 ) );margin-right: 4%;margin-top:0px;margin-bottom:20px;\"><div class=\"fusion-column-wrapper fusion-flex-column-wrapper-legacy\" style=\"background-position:left top;background-repeat:no-repeat;-webkit-background-size:cover;-moz-background-size:cover;-o-background-size:cover;background-size:cover;padding: 0px 0px 0px 0px;\"><div class=\"fusion-clearfix\"><\/div><\/div><\/div><div class=\"fusion-layout-column fusion_builder_column fusion-builder-column-2 fusion_builder_column_1_2 1_2 fusion-one-half\" style=\"width:50%;width:calc(50% - ( ( 4% + 4% ) * 0.5 ) );margin-right: 4%;margin-top:0px;margin-bottom:20px;\"><div class=\"fusion-column-wrapper fusion-flex-column-wrapper-legacy\" style=\"background-position:left top;background-repeat:no-repeat;-webkit-background-size:cover;-moz-background-size:cover;-o-background-size:cover;background-size:cover;padding: 0px 20px 0px 20px;\"><div class=\"imageframe-align-center\"><span class=\" fusion-imageframe imageframe-none imageframe-1 hover-type-none\"><img width=\"1\" height=\"50\" title=\"separator50px\" src=\"http:\/\/www.valvis-holding.com\/newsite\/wp-content\/uploads\/2017\/01\/separator50px.png\" class=\"img-responsive wp-image-12686\"\/><\/span><\/div><style type='text\/css'>.reading-box-container-1 .element-bottomshadow:before,.reading-box-container-1 .element-bottomshadow:after{opacity:0.30;}<\/style><div class=\"fusion-reading-box-container reading-box-container-1\" style=\"margin-top:0px;margin-bottom:84px;\"><div class=\"reading-box reading-box-center\" style=\"background-color:rgba(0,136,144,0);border-width:0px;border-color:#f6f6f6;border-bottom-width:3px;border-bottom-color:var(--primary_color);border-style:solid;\"><div class=\"reading-box-additional\">\n<p style=\"text-align: center;\">\u00cen Mun\u021bii Carpa\u021bi se afl\u0103 ultima p\u0103dure neatins\u0103 a Europei, un \u021binut unde nu se desf\u0103\u0219oar\u0103 activit\u0103\u021bi agricole \u0219i industriale care ofer\u0103 o senza\u021bie de \u00eentoarcere \u00een timp.<\/p>\n<p style=\"text-align: center;\">\u021aara Dornelor este un \u021binut arhaic, s\u0103lbatic \u0219i magic, iar acolo este locul de unde provine AQUA Carpatica. Situate pe t\u0103r\u00e2mul legendar al apelor minerale rom\u00e2ne\u0219ti, dar \u0219i al rezerva\u021biilor naturale, cu o structur\u0103 geologic\u0103 deosebit\u0103 \u0219i o barier\u0103 de protec\u021bie natural\u0103 \u00eempotriva polu\u0103rii,<br \/>\nizvoarele AQUA Carpatica sunt unice \u00een lume.<\/p>\n<\/div><div class=\"fusion-clearfix\"><\/div><\/div><\/div><div class=\"imageframe-align-center\"><span class=\" fusion-imageframe imageframe-none imageframe-2 hover-type-none\"><img width=\"1\" height=\"50\" title=\"separator50px\" src=\"http:\/\/www.valvis-holding.com\/newsite\/wp-content\/uploads\/2017\/01\/separator50px.png\" class=\"img-responsive wp-image-12686\"\/><\/span><\/div><div class=\"fusion-clearfix\"><\/div><\/div><\/div><div class=\"fusion-layout-column fusion_builder_column fusion-builder-column-3 fusion_builder_column_1_4 1_4 fusion-one-fourth fusion-column-last\" style=\"width:25%;width:calc(25% - ( ( 4% + 4% ) * 0.25 ) );margin-top:0px;margin-bottom:20px;\"><div class=\"fusion-column-wrapper fusion-flex-column-wrapper-legacy\" style=\"background-position:left top;background-repeat:no-repeat;-webkit-background-size:cover;-moz-background-size:cover;-o-background-size:cover;background-size:cover;padding: 0px 40px 0px 40px;\"><div class=\"imageframe-align-center\"><span class=\" fusion-imageframe imageframe-none imageframe-3 hover-type-none\"><img width=\"1\" height=\"50\" title=\"separator50px\" src=\"http:\/\/www.valvis-holding.com\/newsite\/wp-content\/uploads\/2017\/01\/separator50px.png\" class=\"img-responsive wp-image-12686\"\/><\/span><\/div><div class=\"fusion-clearfix\"><\/div><\/div><\/div><\/div><\/div><div class=\"fusion-fullwidth fullwidth-box fusion-builder-row-3 fusion-parallax-none nonhundred-percent-fullwidth non-hundred-percent-height-scrolling\" style=\"background-color: rgba(255,255,255,0);background-image: url(&quot;http:\/\/www.valvis-holding.com\/newsite\/wp-content\/uploads\/2017\/03\/bg-Home-cascada-8.2.jpg&quot;);background-position: left top;background-repeat: no-repeat;padding-top:0px;padding-right:0px;padding-bottom:20px;padding-left:0px;margin-bottom: 0px;margin-top: 0px;border-width: 0px 0px 0px 0px;border-color:#eae9e9;border-style:solid;-webkit-background-size:cover;-moz-background-size:cover;-o-background-size:cover;background-size:cover;\" ><div class=\"fusion-builder-row fusion-row\"><div class=\"fusion-layout-column fusion_builder_column fusion-builder-column-4 fusion_builder_column_1_3 1_3 fusion-one-third fusion-column-first\" style=\"width:33.333333333333%;width:calc(33.333333333333% - ( ( 4% + 4% ) * 0.33333333333333 ) );margin-right: 4%;margin-top:0px;margin-bottom:20px;\"><div class=\"fusion-column-wrapper fusion-flex-column-wrapper-legacy\" style=\"background-position:left top;background-repeat:no-repeat;-webkit-background-size:cover;-moz-background-size:cover;-o-background-size:cover;background-size:cover;padding: 0px 0px 0px 0px;\"><div class=\"fusion-clearfix\"><\/div><\/div><\/div><div class=\"fusion-layout-column fusion_builder_column fusion-builder-column-5 fusion_builder_column_1_3 1_3 fusion-one-third\" style=\"width:33.333333333333%;width:calc(33.333333333333% - ( ( 4% + 4% ) * 0.33333333333333 ) );margin-right: 4%;margin-top:0px;margin-bottom:20px;\"><div class=\"fusion-column-wrapper fusion-flex-column-wrapper-legacy\" style=\"background-position:left top;background-repeat:no-repeat;-webkit-background-size:cover;-moz-background-size:cover;-o-background-size:cover;background-size:cover;padding: 0px 0px 0px 0px;\"><span class=\" fusion-imageframe imageframe-none imageframe-4 hover-type-none\"><img width=\"1\" height=\"200\" title=\"sepa-200\" src=\"http:\/\/www.valvis-holding.com\/newsite\/wp-content\/uploads\/2017\/03\/sepa-200.png\" class=\"img-responsive wp-image-14471\"\/><\/span><div class=\"fusion-sep-clear\"><\/div><div class=\"fusion-separator fusion-full-width-sep\" style=\"margin-left: auto;margin-right: auto;width:100%;\"><div class=\"fusion-separator-border sep-shadow\" style=\"background:radial-gradient(ellipse at 50% -50% , #e0dede 0px, rgba(255, 255, 255, 0) 80%) repeat scroll 0 0 rgba(0, 0, 0, 0);background:-webkit-radial-gradient(ellipse at 50% -50% , #e0dede 0px, rgba(255, 255, 255, 0) 80%) repeat scroll 0 0 rgba(0, 0, 0, 0);background:-moz-radial-gradient(ellipse at 50% -50% , #e0dede 0px, rgba(255, 255, 255, 0) 80%) repeat scroll 0 0 rgba(0, 0, 0, 0);background:-o-radial-gradient(ellipse at 50% -50% , #e0dede 0px, rgba(255, 255, 255, 0) 80%) repeat scroll 0 0 rgba(0, 0, 0, 0);\"><\/div><\/div><div class=\"fusion-sep-clear\"><\/div><style type='text\/css'>.reading-box-container-2 .element-bottomshadow:before,.reading-box-container-2 .element-bottomshadow:after{opacity:0.3;}<\/style><div class=\"fusion-reading-box-container reading-box-container-2\" style=\"margin-top:0px;margin-bottom:84px;\"><div class=\"reading-box reading-box-center\" style=\"background-color:rgba(0,0,0,0);border-width:0px;border-color:#f6f6f6;border-style:solid;\"><div class=\"reading-box-additional\">\n<p style=\"text-align: center;\"><span style=\"color: #ffffff;\">Geneza apei minerale AQUA Carpatica \u00eencepe acum milioane de ani \u0219i este rezultatul func\u021bion\u0103rii \u00een timp geologic a unor iscusite laboratoare subterane din ad\u00e2ncurile mun\u021bilor vulcanici, care i-au oferit apei o savoare unic\u0103.<\/span><\/p>\n<\/div><div class=\"fusion-clearfix\"><\/div><\/div><\/div><div class=\"fusion-clearfix\"><\/div><\/div><\/div><div class=\"fusion-layout-column fusion_builder_column fusion-builder-column-6 fusion_builder_column_1_3 1_3 fusion-one-third fusion-column-last\" style=\"width:33.333333333333%;width:calc(33.333333333333% - ( ( 4% + 4% ) * 0.33333333333333 ) );margin-top:0px;margin-bottom:20px;\"><div class=\"fusion-column-wrapper fusion-flex-column-wrapper-legacy\" style=\"background-position:left top;background-repeat:no-repeat;-webkit-background-size:cover;-moz-background-size:cover;-o-background-size:cover;background-size:cover;padding: 0px 40px 0px 40px;\"><span class=\" fusion-imageframe imageframe-none imageframe-5 hover-type-none\"><img width=\"1\" height=\"20\" title=\"sepa-20px\" src=\"http:\/\/www.valvis-holding.com\/newsite\/wp-content\/uploads\/2017\/01\/sepa-20px.png\" class=\"img-responsive wp-image-12917\"\/><\/span><div class=\"imageframe-align-center\"><span class=\" fusion-imageframe imageframe-none imageframe-6 hover-type-none\"><img width=\"435\" height=\"570\" title=\"PICATURA\" src=\"http:\/\/www.valvis-holding.com\/newsite\/wp-content\/uploads\/2017\/03\/PICATURA.png\" class=\"img-responsive wp-image-14451\" srcset=\"http:\/\/www.valvis-holding.com\/newsite\/wp-content\/uploads\/2017\/03\/PICATURA-200x262.png 200w, http:\/\/www.valvis-holding.com\/newsite\/wp-content\/uploads\/2017\/03\/PICATURA-400x524.png 400w, http:\/\/www.valvis-holding.com\/newsite\/wp-content\/uploads\/2017\/03\/PICATURA.png 435w\" sizes=\"(max-width: 800px) 100vw, 435px\" \/><\/span><\/div><div class=\"fusion-clearfix\"><\/div><\/div><\/div><\/div><\/div><div class=\"fusion-fullwidth fullwidth-box fusion-builder-row-4 nonhundred-percent-fullwidth non-hundred-percent-height-scrolling\" style=\"background-color: rgba(255,255,255,0);background-position: center center;background-repeat: no-repeat;padding-top:20px;padding-right:0px;padding-bottom:20px;padding-left:0px;margin-bottom: 0px;margin-top: 0px;border-width: 0px 0px 0px 0px;border-color:#eae9e9;border-style:solid;\" ><div class=\"fusion-builder-row fusion-row\"><div class=\"fusion-layout-column fusion_builder_column fusion-builder-column-7 fusion_builder_column_1_1 1_1 fusion-one-full fusion-column-first fusion-column-last\" style=\"margin-top:0px;margin-bottom:20px;\"><div class=\"fusion-column-wrapper fusion-flex-column-wrapper-legacy\" style=\"background-position:left top;background-repeat:no-repeat;-webkit-background-size:cover;-moz-background-size:cover;-o-background-size:cover;background-size:cover;padding: 0px 0px 0px 0px;\"><span class=\" fusion-imageframe imageframe-none imageframe-7 hover-type-none\"><img width=\"1\" height=\"20\" title=\"sepa-20px\" src=\"http:\/\/www.valvis-holding.com\/newsite\/wp-content\/uploads\/2017\/01\/sepa-20px.png\" class=\"img-responsive wp-image-12917\"\/><\/span><span class=\" fusion-imageframe imageframe-none imageframe-8 hover-type-none\"><img width=\"1\" height=\"20\" title=\"sepa-20px\" src=\"http:\/\/www.valvis-holding.com\/newsite\/wp-content\/uploads\/2017\/01\/sepa-20px.png\" class=\"img-responsive wp-image-12917\"\/><\/span><div class=\"fusion-clearfix\"><\/div><\/div><\/div><\/div><\/div><div class=\"fusion-fullwidth fullwidth-box fusion-builder-row-5 nonhundred-percent-fullwidth non-hundred-percent-height-scrolling\" style=\"background-color: rgba(255,255,255,0);background-position: center center;background-repeat: no-repeat;padding-top:20px;padding-right:20px;padding-bottom:20px;padding-left:20px;margin-bottom: 0px;margin-top: 0px;border-width: 0px 0px 0px 0px;border-color:#eae9e9;border-style:solid;\" ><div class=\"fusion-builder-row fusion-row\"><div class=\"fusion-layout-column fusion_builder_column fusion-builder-column-8 fusion_builder_column_1_2 1_2 fusion-one-half fusion-column-first\" style=\"width:50%;width:calc(50% - ( ( 4% ) * 0.5 ) );margin-right: 4%;margin-top:0px;margin-bottom:20px;\"><div class=\"fusion-column-wrapper fusion-flex-column-wrapper-legacy\" style=\"background-position:left top;background-repeat:no-repeat;-webkit-background-size:cover;-moz-background-size:cover;-o-background-size:cover;background-size:cover;padding: 0px 0px 0px 0px;\"><div class=\"imageframe-align-center\"><span class=\" fusion-imageframe imageframe-none imageframe-9 hover-type-none\"><img width=\"800\" height=\"600\" title=\"claimsHpage-Carbo-1\" src=\"http:\/\/www.valvis-holding.com\/newsite\/wp-content\/uploads\/2018\/08\/claimsHpage-Carbo-1.jpg\" class=\"img-responsive wp-image-15054\" srcset=\"http:\/\/www.valvis-holding.com\/newsite\/wp-content\/uploads\/2018\/08\/claimsHpage-Carbo-1-200x150.jpg 200w, http:\/\/www.valvis-holding.com\/newsite\/wp-content\/uploads\/2018\/08\/claimsHpage-Carbo-1-400x300.jpg 400w, http:\/\/www.valvis-holding.com\/newsite\/wp-content\/uploads\/2018\/08\/claimsHpage-Carbo-1-600x450.jpg 600w, http:\/\/www.valvis-holding.com\/newsite\/wp-content\/uploads\/2018\/08\/claimsHpage-Carbo-1.jpg 800w\" sizes=\"(max-width: 800px) 100vw, 800px\" \/><\/span><\/div><div class=\"fusion-clearfix\"><\/div><\/div><\/div><div class=\"fusion-layout-column fusion_builder_column fusion-builder-column-9 fusion_builder_column_1_2 1_2 fusion-one-half fusion-column-last\" style=\"width:50%;width:calc(50% - ( ( 4% ) * 0.5 ) );margin-top:0px;margin-bottom:20px;\"><div class=\"fusion-column-wrapper fusion-flex-column-wrapper-legacy\" style=\"background-position:left top;background-repeat:no-repeat;-webkit-background-size:cover;-moz-background-size:cover;-o-background-size:cover;background-size:cover;padding: 0px 0px 0px 0px;\"><div class=\"imageframe-align-center\"><span class=\" fusion-imageframe imageframe-none imageframe-10 hover-type-none\"><img width=\"800\" height=\"600\" title=\"claimsHpage-Plata-1\" src=\"http:\/\/www.valvis-holding.com\/newsite\/wp-content\/uploads\/2018\/08\/claimsHpage-Plata-1.jpg\" class=\"img-responsive wp-image-15055\" srcset=\"http:\/\/www.valvis-holding.com\/newsite\/wp-content\/uploads\/2018\/08\/claimsHpage-Plata-1-200x150.jpg 200w, http:\/\/www.valvis-holding.com\/newsite\/wp-content\/uploads\/2018\/08\/claimsHpage-Plata-1-400x300.jpg 400w, http:\/\/www.valvis-holding.com\/newsite\/wp-content\/uploads\/2018\/08\/claimsHpage-Plata-1-600x450.jpg 600w, http:\/\/www.valvis-holding.com\/newsite\/wp-content\/uploads\/2018\/08\/claimsHpage-Plata-1.jpg 800w\" sizes=\"(max-width: 800px) 100vw, 800px\" \/><\/span><\/div><div class=\"fusion-clearfix\"><\/div><\/div><\/div><\/div><\/div><div class=\"fusion-fullwidth fullwidth-box fusion-builder-row-6 nonhundred-percent-fullwidth non-hundred-percent-height-scrolling\" style=\"background-color: #f8f8f8;background-position: top left;background-repeat: no-repeat;padding-top:10px;padding-right:0px;padding-bottom:5px;padding-left:0px;margin-bottom: 0px;margin-top: 0px;border-width: 1px 0px 1px 0px;border-color:#e5e4e4;border-style:solid;\" ><div class=\"fusion-builder-row fusion-row\"><div class=\"fusion-layout-column fusion_builder_column fusion-builder-column-10 fusion_builder_column_1_1 1_1 fusion-one-full fusion-column-first fusion-column-last\" style=\"margin-top:0px;margin-bottom:20px;\"><div class=\"fusion-column-wrapper fusion-flex-column-wrapper-legacy\" style=\"background-position:left top;background-repeat:no-repeat;-webkit-background-size:cover;-moz-background-size:cover;-o-background-size:cover;background-size:cover;padding: 0px 0px 0px 0px;\"><div class=\"fusion-sep-clear\"><\/div><div class=\"fusion-separator fusion-full-width-sep\" style=\"margin-left: auto;margin-right: auto;margin-top:32px;width:100%;\"><\/div><div class=\"fusion-sep-clear\"><\/div><div class=\"fusion-aligncenter\"><style type=\"text\/css\">.fusion-button.button-1 {border-radius:25px;}.fusion-button.button-1.button-3d{-webkit-box-shadow: inset 0px 1px 0px #fff,0px 4px 0px #607d8b,1px 6px 6px 3px rgba(0,0,0,0.3);-moz-box-shadow: inset 0px 1px 0px #fff,0px 4px 0px #607d8b,1px 6px 6px 3px rgba(0,0,0,0.3);box-shadow: inset 0px 1px 0px #fff,0px 4px 0px #607d8b,1px 6px 6px 3px rgba(0,0,0,0.3);}.button-1.button-3d:active{-webkit-box-shadow: inset 0px 1px 0px #fff,0px 4px 0px #607d8b,1px 6px 6px 3px rgba(0,0,0,0.3);-moz-box-shadow: inset 0px 1px 0px #fff,0px 4px 0px #607d8b,1px 6px 6px 3px rgba(0,0,0,0.3);box-shadow: inset 0px 1px 0px #fff,0px 4px 0px #607d8b,1px 6px 6px 3px rgba(0,0,0,0.3);}<\/style><a class=\"fusion-button button-3d button-large button-default button-1 fusion-button-default-span \" target=\"_blank\" rel=\"noopener noreferrer\" href=\"#\"><span class=\"fusion-button-icon-divider button-icon-divider-left\"><i class=\"fa-shopping-cart fas\" aria-hidden=\"true\"><\/i><\/span><span class=\"fusion-button-text fusion-button-text-left\">CUMP\u0102R\u0102<\/span><\/a><\/div><div class=\"imageframe-align-center\"><span class=\" fusion-imageframe imageframe-none imageframe-11 hover-type-none\"><img width=\"130\" height=\"100\" title=\"logoAQUA-BuyNow-2\" src=\"http:\/\/www.valvis-holding.com\/newsite\/wp-content\/uploads\/2016\/12\/logoAQUA-BuyNow-2.png\" class=\"img-responsive wp-image-12869\"\/><\/span><\/div><div class=\"fusion-text fusion-text-1\"><p style=\"font-size: 20px; text-align: center;\">DESCOPER\u0102 GUSTUL PURIT\u0102\u021aII!<\/p>\n<\/div><div class=\"fusion-clearfix\"><\/div><\/div><\/div><\/div><\/div><\/p>\n","protected":false},"excerpt":{"rendered":"","protected":false},"author":1,"featured_media":0,"parent":0,"menu_order":0,"comment_status":"closed","ping_status":"closed","template":"","meta":[],"_links":{"self":[{"href":"http:\/\/www.valvis-holding.com\/newsite\/index.php\/wp-json\/wp\/v2\/pages\/13073"}],"collection":[{"href":"http:\/\/www.valvis-holding.com\/newsite\/index.php\/wp-json\/wp\/v2\/pages"}],"about":[{"href":"http:\/\/www.valvis-holding.com\/newsite\/index.php\/wp-json\/wp\/v2\/types\/page"}],"author":[{"embeddable":true,"href":"http:\/\/www.valvis-holding.com\/newsite\/index.php\/wp-json\/wp\/v2\/users\/1"}],"replies":[{"embeddable":true,"href":"http:\/\/www.valvis-holding.com\/newsite\/index.php\/wp-json\/wp\/v2\/comments?post=13073"}],"version-history":[{"count":11,"href":"http:\/\/www.valvis-holding.com\/newsite\/index.php\/wp-json\/wp\/v2\/pages\/13073\/revisions"}],"predecessor-version":[{"id":15208,"href":"http:\/\/www.valvis-holding.com\/newsite\/index.php\/wp-json\/wp\/v2\/pages\/13073\/revisions\/15208"}],"wp:attachment":[{"href":"http:\/\/www.valvis-holding.com\/newsite\/index.php\/wp-json\/wp\/v2\/media?parent=13073"}],"curies":[{"name":"wp","href":"https:\/\/api.w.org\/{rel}","templated":true}]}}